{"id":14,"date":"2021-10-11T15:44:19","date_gmt":"2021-10-11T15:44:19","guid":{"rendered":"https:\/\/www.terres-et-chevaux.fr\/WP\/mon-compte\/"},"modified":"2025-04-03T15:30:22","modified_gmt":"2025-04-03T13:30:22","slug":"mon-compte","status":"publish","type":"page","link":"https:\/\/www.terres-et-chevaux.fr\/WP\/mon-compte\/","title":{"rendered":"Mon compte"},"content":{"rendered":"<div class=\"woocommerce\"><\/div>\n\n<p>[uo_learndash_certificates]<\/p>\n\n\n<div class=\"wp-block-image\">\n<figure class=\"alignleft size-large is-resized\"><img loading=\"lazy\" decoding=\"async\" width=\"1024\" height=\"270\" src=\"https:\/\/www.terres-et-chevaux.fr\/WP\/wp-content\/uploads\/2025\/04\/Agradi-logo-1024x270.png\" alt=\"\" class=\"wp-image-3617\" style=\"width:148px;height:auto\" srcset=\"https:\/\/www.terres-et-chevaux.fr\/WP\/wp-content\/uploads\/2025\/04\/Agradi-logo-1024x270.png 1024w, https:\/\/www.terres-et-chevaux.fr\/WP\/wp-content\/uploads\/2025\/04\/Agradi-logo-300x79.png 300w, https:\/\/www.terres-et-chevaux.fr\/WP\/wp-content\/uploads\/2025\/04\/Agradi-logo-768x203.png 768w, https:\/\/www.terres-et-chevaux.fr\/WP\/wp-content\/uploads\/2025\/04\/Agradi-logo-1536x405.png 1536w, https:\/\/www.terres-et-chevaux.fr\/WP\/wp-content\/uploads\/2025\/04\/Agradi-logo-2048x540.png 2048w, https:\/\/www.terres-et-chevaux.fr\/WP\/wp-content\/uploads\/2025\/04\/Agradi-logo-600x158.png 600w\" sizes=\"auto, (max-width: 1024px) 100vw, 1024px\" \/><\/figure>\n<\/div>\n\n\n<p>B\u00e9n\u00e9ficiez d&#8217;une r\u00e9duction sur le site <a href=\"https:\/\/agradi-fr.myshopify.com?sca_ref=8373528.FiXJeRguTJ\">agradi.fr<\/a> en utilisant le code suivant : <a href=\"https:\/\/agradi-fr.myshopify.com?sca_ref=8373528.FiXJeRguTJ\">TERRESETCHEVAUX5<\/a> <\/p>\n","protected":false},"excerpt":{"rendered":"<p>B\u00e9n\u00e9ficiez d&#8217;une r\u00e9duction sur le site agradi.fr en utilisant le code suivant : TERRESETCHEVAUX5<\/p>\n","protected":false},"author":1,"featured_media":0,"parent":0,"menu_order":0,"comment_status":"closed","ping_status":"closed","template":"","meta":{"neve_meta_sidebar":"","neve_meta_container":"","neve_meta_enable_content_width":"off","neve_meta_content_width":100,"neve_meta_title_alignment":"","neve_meta_author_avatar":"","neve_post_elements_order":"","neve_meta_disable_header":"","neve_meta_disable_footer":"","neve_meta_disable_title":"","neve_meta_reading_time":"","_price":"","_stock":"","_tribe_ticket_header":"","_tribe_default_ticket_provider":"","_tribe_ticket_capacity":"","_ticket_start_date":"","_ticket_end_date":"","_tribe_ticket_show_description":"","_tribe_ticket_show_not_going":false,"_tribe_ticket_use_global_stock":"","_tribe_ticket_global_stock_level":"","_global_stock_mode":"","_global_stock_cap":"","_tribe_rsvp_for_event":"","_tribe_ticket_going_count":"","_tribe_ticket_not_going_count":"","_tribe_tickets_list":"[]","_tribe_ticket_has_attendee_info_fields":false,"footnotes":""},"class_list":["post-14","page","type-page","status-publish","hentry"],"_links":{"self":[{"href":"https:\/\/www.terres-et-chevaux.fr\/WP\/wp-json\/wp\/v2\/pages\/14","targetHints":{"allow":["GET"]}}],"collection":[{"href":"https:\/\/www.terres-et-chevaux.fr\/WP\/wp-json\/wp\/v2\/pages"}],"about":[{"href":"https:\/\/www.terres-et-chevaux.fr\/WP\/wp-json\/wp\/v2\/types\/page"}],"author":[{"embeddable":true,"href":"https:\/\/www.terres-et-chevaux.fr\/WP\/wp-json\/wp\/v2\/users\/1"}],"replies":[{"embeddable":true,"href":"https:\/\/www.terres-et-chevaux.fr\/WP\/wp-json\/wp\/v2\/comments?post=14"}],"version-history":[{"count":2,"href":"https:\/\/www.terres-et-chevaux.fr\/WP\/wp-json\/wp\/v2\/pages\/14\/revisions"}],"predecessor-version":[{"id":3623,"href":"https:\/\/www.terres-et-chevaux.fr\/WP\/wp-json\/wp\/v2\/pages\/14\/revisions\/3623"}],"wp:attachment":[{"href":"https:\/\/www.terres-et-chevaux.fr\/WP\/wp-json\/wp\/v2\/media?parent=14"}],"curies":[{"name":"wp","href":"https:\/\/api.w.org\/{rel}","templated":true}]}}