{"id":136,"date":"2021-10-19T15:07:32","date_gmt":"2021-10-19T13:07:32","guid":{"rendered":"https:\/\/www.terres-et-chevaux.fr\/WP\/?post_type=product&#038;p=136"},"modified":"2026-01-06T18:59:52","modified_gmt":"2026-01-06T16:59:52","slug":"forfait-petites-questions","status":"publish","type":"product","link":"https:\/\/www.terres-et-chevaux.fr\/WP\/produit\/forfait-petites-questions\/","title":{"rendered":"Forfait &#8220;petites questions&#8221;"},"content":{"rendered":"<p style=\"text-align: center;\"><em>J&#8217;ai trouv\u00e9 cette plante, est-elle toxique ?<\/em><br \/>\n<em>Telle association m&#8217;a propos\u00e9 ces arbres pour ma haie, est-ce que c&#8217;est OK pour les chevaux ?<\/em><br \/>\n<em>Je veux stabiliser : dalles ou broyat ?<\/em><br \/>\n<em>Mes chevaux stagnent sur leur r\u00e2telier, que puis-je faire ?<\/em><br \/>\n<em>Ma prairie est pleine de X cette ann\u00e9e, est-ce que je peux quand-m\u00eame mettre mes chevaux dessus ?<\/em><br \/>\n<em>J&#8217;ai du broyat de telle essence, puis-je l&#8217;utiliser sur ma carri\u00e8re ?<\/em><br \/>\n<em>(&#8230;)<\/em><\/p>\n<p>Vous avez des questions simples ? Nous avons des r\u00e9ponses rapides : voici un forfait de 10 &#8220;petites questions&#8221; qui ne n\u00e9cessitent pas de longs \u00e9changes, mais pour lesquelles vous pourrez b\u00e9n\u00e9ficier de notre exp\u00e9rience professionnelle. <b>Clair, rapide et efficace !<\/b><\/p>\n<p>\u00c0 r\u00e9ception de votre souscription, vous b\u00e9n\u00e9ficiez d&#8217;un d\u00e9compte de 10 &#8220;petites questions&#8221; \u00e0 utiliser \u00e0 votre gr\u00e9 dans un d\u00e9lai de 12 mois en nous contactant par email.<\/p>\n","protected":false},"excerpt":{"rendered":"<p>Vous avez des questions simples ?<br \/>\nNous avons des r\u00e9ponses rapides !<br \/>\nVoici un forfait de 10 &#8220;petites questions&#8221; qui ne n\u00e9cessitent pas de longs \u00e9changes, mais pour lesquelles vous pourrez b\u00e9n\u00e9ficier de notre exp\u00e9rience professionnelle.<\/p>\n<p>Clair, rapide et efficace.<\/p>\n","protected":false},"featured_media":137,"comment_status":"closed","ping_status":"closed","template":"","meta":{"neve_meta_sidebar":"","neve_meta_container":"","neve_meta_enable_content_width":"off","neve_meta_content_width":100,"neve_meta_title_alignment":"","neve_meta_author_avatar":"","neve_post_elements_order":"","neve_meta_disable_header":"","neve_meta_disable_footer":"","neve_meta_disable_title":"","neve_meta_reading_time":"","_price":"90","_stock":null,"_tribe_ticket_header":"","_tribe_default_ticket_provider":"","_tribe_ticket_capacity":"","_ticket_start_date":"","_ticket_end_date":"","_tribe_ticket_show_description":"","_tribe_ticket_show_not_going":false,"_tribe_ticket_use_global_stock":"","_tribe_ticket_global_stock_level":"","_global_stock_mode":"","_global_stock_cap":"","_tribe_rsvp_for_event":"","_tribe_ticket_going_count":"","_tribe_ticket_not_going_count":"","_tribe_tickets_list":"[]","_tribe_ticket_has_attendee_info_fields":false,"_tec_slr_enabled":"","_tec_slr_layout":""},"product_brand":[],"product_cat":[18,50,30,34,24,56],"product_tag":[33,20,27,25,21],"class_list":{"0":"post-136","1":"product","2":"type-product","3":"status-publish","4":"has-post-thumbnail","6":"product_cat-agro-ecologie","7":"product_cat-agroforesterie","8":"product_cat-conseil","9":"product_cat-design","10":"product_cat-distanciel","11":"product_cat-gestion-des-prairies","12":"product_tag-accompagnement","13":"product_tag-agro-ecologie-equine","14":"product_tag-conseil","15":"product_tag-equi-piste","16":"product_tag-prairies","18":"first","19":"instock","20":"virtual","21":"purchasable","22":"product-type-simple"},"_links":{"self":[{"href":"https:\/\/www.terres-et-chevaux.fr\/WP\/wp-json\/wp\/v2\/product\/136","targetHints":{"allow":["GET"]}}],"collection":[{"href":"https:\/\/www.terres-et-chevaux.fr\/WP\/wp-json\/wp\/v2\/product"}],"about":[{"href":"https:\/\/www.terres-et-chevaux.fr\/WP\/wp-json\/wp\/v2\/types\/product"}],"replies":[{"embeddable":true,"href":"https:\/\/www.terres-et-chevaux.fr\/WP\/wp-json\/wp\/v2\/comments?post=136"}],"wp:featuredmedia":[{"embeddable":true,"href":"https:\/\/www.terres-et-chevaux.fr\/WP\/wp-json\/wp\/v2\/media\/137"}],"wp:attachment":[{"href":"https:\/\/www.terres-et-chevaux.fr\/WP\/wp-json\/wp\/v2\/media?parent=136"}],"wp:term":[{"taxonomy":"product_brand","embeddable":true,"href":"https:\/\/www.terres-et-chevaux.fr\/WP\/wp-json\/wp\/v2\/product_brand?post=136"},{"taxonomy":"product_cat","embeddable":true,"href":"https:\/\/www.terres-et-chevaux.fr\/WP\/wp-json\/wp\/v2\/product_cat?post=136"},{"taxonomy":"product_tag","embeddable":true,"href":"https:\/\/www.terres-et-chevaux.fr\/WP\/wp-json\/wp\/v2\/product_tag?post=136"}],"curies":[{"name":"wp","href":"https:\/\/api.w.org\/{rel}","templated":true}]}}