{"id":1459,"date":"2022-12-08T11:14:54","date_gmt":"2022-12-08T09:14:54","guid":{"rendered":"https:\/\/www.terres-et-chevaux.fr\/WP\/produit\/carte-cadeau\/"},"modified":"2023-11-28T09:08:50","modified_gmt":"2023-11-28T07:08:50","slug":"carte-cadeau","status":"publish","type":"product","link":"https:\/\/www.terres-et-chevaux.fr\/WP\/produit\/carte-cadeau\/","title":{"rendered":"Carte Cadeau"},"content":{"rendered":"<p>Une carte cadeau \u00e0 offrir (&#8230;ou \u00e0 s&#8217;offrir !) \u00e0 valoir sur les prestations de TERRES ET CHEVAUX.<\/p>\n<p>Choisissez votre montant, et envoyez-la \u00e0 qui vous voulez faire plaisir !<\/p>\n<p>La carte a une dur\u00e9e de validit\u00e9 de 6 mois \u00e0 compter de son achat.<\/p>\n","protected":false},"excerpt":{"rendered":"<p>Une carte cadeau \u00e0 offrir (&#8230;ou \u00e0 s&#8217;offrir !) \u00e0 valoir sur les prestations de TERRES ET CHEVAUX.<\/p>\n<p>Choisissez votre montant, et envoyez-la \u00e0 qui vous voulez faire plaisir !<\/p>\n","protected":false},"featured_media":1466,"comment_status":"open","ping_status":"closed","template":"","meta":{"neve_meta_sidebar":"","neve_meta_container":"","neve_meta_enable_content_width":"off","neve_meta_content_width":100,"neve_meta_title_alignment":"","neve_meta_author_avatar":"","neve_post_elements_order":"","neve_meta_disable_header":"","neve_meta_disable_footer":"","neve_meta_disable_title":"","neve_meta_reading_time":"","_price":"10","_stock":null,"_tribe_ticket_header":"","_tribe_default_ticket_provider":"","_tribe_ticket_capacity":"","_ticket_start_date":"","_ticket_end_date":"","_tribe_ticket_show_description":"","_tribe_ticket_show_not_going":false,"_tribe_ticket_use_global_stock":"","_tribe_ticket_global_stock_level":"","_global_stock_mode":"","_global_stock_cap":"","_tribe_rsvp_for_event":"","_tribe_ticket_going_count":"","_tribe_ticket_not_going_count":"","_tribe_tickets_list":"[]","_tribe_ticket_has_attendee_info_fields":false,"_tec_slr_enabled":"","_tec_slr_layout":""},"product_brand":[],"product_cat":[18,30,34,24,35,15,19],"product_tag":[],"class_list":{"0":"post-1459","1":"product","2":"type-product","3":"status-publish","4":"has-post-thumbnail","6":"product_cat-agro-ecologie","7":"product_cat-conseil","8":"product_cat-design","9":"product_cat-distanciel","10":"product_cat-formation","11":"product_cat-non-classe","12":"product_cat-presentiel","14":"first","15":"instock","16":"purchasable","17":"product-type-pw-gift-card"},"_links":{"self":[{"href":"https:\/\/www.terres-et-chevaux.fr\/WP\/wp-json\/wp\/v2\/product\/1459","targetHints":{"allow":["GET"]}}],"collection":[{"href":"https:\/\/www.terres-et-chevaux.fr\/WP\/wp-json\/wp\/v2\/product"}],"about":[{"href":"https:\/\/www.terres-et-chevaux.fr\/WP\/wp-json\/wp\/v2\/types\/product"}],"replies":[{"embeddable":true,"href":"https:\/\/www.terres-et-chevaux.fr\/WP\/wp-json\/wp\/v2\/comments?post=1459"}],"wp:featuredmedia":[{"embeddable":true,"href":"https:\/\/www.terres-et-chevaux.fr\/WP\/wp-json\/wp\/v2\/media\/1466"}],"wp:attachment":[{"href":"https:\/\/www.terres-et-chevaux.fr\/WP\/wp-json\/wp\/v2\/media?parent=1459"}],"wp:term":[{"taxonomy":"product_brand","embeddable":true,"href":"https:\/\/www.terres-et-chevaux.fr\/WP\/wp-json\/wp\/v2\/product_brand?post=1459"},{"taxonomy":"product_cat","embeddable":true,"href":"https:\/\/www.terres-et-chevaux.fr\/WP\/wp-json\/wp\/v2\/product_cat?post=1459"},{"taxonomy":"product_tag","embeddable":true,"href":"https:\/\/www.terres-et-chevaux.fr\/WP\/wp-json\/wp\/v2\/product_tag?post=1459"}],"curies":[{"name":"wp","href":"https:\/\/api.w.org\/{rel}","templated":true}]}}