{"id":1552,"date":"2023-01-13T17:11:38","date_gmt":"2023-01-13T15:11:38","guid":{"rendered":"https:\/\/www.terres-et-chevaux.fr\/WP\/?post_type=product&#038;p=1552"},"modified":"2025-11-05T20:00:57","modified_gmt":"2025-11-05T18:00:57","slug":"forfait-videos-boue","status":"publish","type":"product","link":"https:\/\/www.terres-et-chevaux.fr\/WP\/produit\/forfait-videos-boue\/","title":{"rendered":"FORFAIT 2 VID\u00c9OS \u2022 En finir avec la boue"},"content":{"rendered":"<h3 style=\"text-align: center;\">Forfait 2 Vid\u00e9os\u00a0\u00ab <em>Pour en finir avec la boue<\/em> \u00bb<\/h3>\n<div>\n<p>Replays de 3 webconf\u00e9rences. Dur\u00e9e indicative de chaque webconf\u00e9rence : 1h de pr\u00e9sentation, 30mn de questions.<br \/>\nVous avez acc\u00e8s aux vid\u00e9os \u00e0 partir de votre espace client (menu Mon compte &gt; Tableau de bord), <strong>acc\u00e8s sans limite de dur\u00e9e<\/strong>.<\/p>\n<p><em>Vous en avez marre de patauger dans la boue ?\u00a0<\/em><\/div>\n<div><\/div>\n<div>\n<div>Dans ces vid\u00e9os, vous apprendrez les choses suivantes :<\/div>\n<ul>\n<li>G\u00e9rer l&#8217;urgence<\/li>\n<li>Am\u00e9nager l&#8217;espace pour limiter la boue<\/li>\n<li>Anticiper les p\u00e9riodes boueuses<\/li>\n<li>Pourquoi stabiliser ?<\/li>\n<li>O\u00f9 stabiliser ? (et o\u00f9 ne pas le faire)<\/li>\n<li>Comment stabiliser ?<\/li>\n<\/ul>\n<\/div>\n","protected":false},"excerpt":{"rendered":"<p>Replays de 3 webconf\u00e9rences. Dur\u00e9e indicative de chaque webconf\u00e9rence : 1h de pr\u00e9sentation, 30mn de questions.<br \/>\nVous avez acc\u00e8s aux vid\u00e9os \u00e0 partir de votre espace client (menu Mon compte &gt; Tableau de bord), <strong>acc\u00e8s sans limite de dur\u00e9e<\/strong>.<\/p>\n","protected":false},"featured_media":1553,"comment_status":"open","ping_status":"closed","template":"","meta":{"neve_meta_sidebar":"","neve_meta_container":"","neve_meta_enable_content_width":"off","neve_meta_content_width":100,"neve_meta_title_alignment":"","neve_meta_author_avatar":"","neve_post_elements_order":"","neve_meta_disable_header":"","neve_meta_disable_footer":"","neve_meta_disable_title":"","neve_meta_reading_time":"","_price":"38","_stock":null,"_tribe_ticket_header":"","_tribe_default_ticket_provider":"","_tribe_ticket_capacity":"","_ticket_start_date":"","_ticket_end_date":"","_tribe_ticket_show_description":"","_tribe_ticket_show_not_going":false,"_tribe_ticket_use_global_stock":"","_tribe_ticket_global_stock_level":"","_global_stock_mode":"","_global_stock_cap":"","_tribe_rsvp_for_event":"","_tribe_ticket_going_count":"","_tribe_ticket_not_going_count":"","_tribe_tickets_list":"[]","_tribe_ticket_has_attendee_info_fields":false,"_tec_slr_enabled":"","_tec_slr_layout":""},"product_brand":[],"product_cat":[34,24,35,39],"product_tag":[],"class_list":{"0":"post-1552","1":"product","2":"type-product","3":"status-publish","4":"has-post-thumbnail","6":"product_cat-design","7":"product_cat-distanciel","8":"product_cat-formation","9":"product_cat-webinaires","11":"first","12":"instock","13":"sale","14":"virtual","15":"sold-individually","16":"purchasable","17":"product-type-woosb"},"_links":{"self":[{"href":"https:\/\/www.terres-et-chevaux.fr\/WP\/wp-json\/wp\/v2\/product\/1552","targetHints":{"allow":["GET"]}}],"collection":[{"href":"https:\/\/www.terres-et-chevaux.fr\/WP\/wp-json\/wp\/v2\/product"}],"about":[{"href":"https:\/\/www.terres-et-chevaux.fr\/WP\/wp-json\/wp\/v2\/types\/product"}],"replies":[{"embeddable":true,"href":"https:\/\/www.terres-et-chevaux.fr\/WP\/wp-json\/wp\/v2\/comments?post=1552"}],"wp:featuredmedia":[{"embeddable":true,"href":"https:\/\/www.terres-et-chevaux.fr\/WP\/wp-json\/wp\/v2\/media\/1553"}],"wp:attachment":[{"href":"https:\/\/www.terres-et-chevaux.fr\/WP\/wp-json\/wp\/v2\/media?parent=1552"}],"wp:term":[{"taxonomy":"product_brand","embeddable":true,"href":"https:\/\/www.terres-et-chevaux.fr\/WP\/wp-json\/wp\/v2\/product_brand?post=1552"},{"taxonomy":"product_cat","embeddable":true,"href":"https:\/\/www.terres-et-chevaux.fr\/WP\/wp-json\/wp\/v2\/product_cat?post=1552"},{"taxonomy":"product_tag","embeddable":true,"href":"https:\/\/www.terres-et-chevaux.fr\/WP\/wp-json\/wp\/v2\/product_tag?post=1552"}],"curies":[{"name":"wp","href":"https:\/\/api.w.org\/{rel}","templated":true}]}}