{"id":1651,"date":"2023-01-31T14:48:47","date_gmt":"2023-01-31T12:48:47","guid":{"rendered":"https:\/\/www.terres-et-chevaux.fr\/WP\/?post_type=product&#038;p=1651"},"modified":"2026-01-06T19:12:26","modified_gmt":"2026-01-06T17:12:26","slug":"webinaire-replay-paturage-la-methode-des-sommes-de-temperatures","status":"publish","type":"product","link":"https:\/\/www.terres-et-chevaux.fr\/WP\/produit\/webinaire-replay-paturage-la-methode-des-sommes-de-temperatures\/","title":{"rendered":"VID\u00c9O \u2022 P\u00e2turage : La m\u00e9thode des sommes de temp\u00e9ratures"},"content":{"rendered":"<h3 style=\"text-align: center;\"><span style=\"text-decoration: underline;\">La m\u00e9thode des sommes de temp\u00e9rature<\/span><\/h3>\n<h4 style=\"text-align: center;\"><em>Application aux prairies \u00e9quines\u00a0<\/em><\/h4>\n<p>Replay de webconf\u00e9rence. Dur\u00e9e indicative : 1h de pr\u00e9sentation, 30mn de questions.<br \/>\nVous avez acc\u00e8s \u00e0 la vid\u00e9o \u00e0 partir de votre espace client (menu Mon compte &gt; Tableau de bord), <strong>acc\u00e8s sans limite de dur\u00e9e<\/strong>.<\/p>\n<div><span style=\"text-decoration: underline;\">Au programme de ce webinaire :\u00a0<\/span><\/div>\n<ul>\n<li>M\u00e9thode g\u00e9n\u00e9rale<span class=\"Apple-converted-space\">\u00a0<\/span>\n<ul>\n<li>Pourquoi \u00e7a marche<\/li>\n<li>Jusqu\u2019o\u00f9 \u00e7a marche (limites du syst\u00e8me)<\/li>\n<\/ul>\n<\/li>\n<li>Adaptation \u00e0 diff\u00e9rents types de prairies \/ couverts<\/li>\n<li>Adaptation aux chevaux en fonction de leurs besoins sp\u00e9cifiques<\/li>\n<li>Mise en application \/ Illustration<\/li>\n<\/ul>\n<div><\/div>\n","protected":false},"excerpt":{"rendered":"<p>Replay de webconf\u00e9rence. Dur\u00e9e indicative : 1h de pr\u00e9sentation, 30mn de questions.<br \/>\nVous avez acc\u00e8s \u00e0 la vid\u00e9o \u00e0 partir de votre espace client (menu Mon compte &gt; Tableau de bord), <strong>acc\u00e8s sans limite de dur\u00e9e<\/strong>.<\/p>\n","protected":false},"featured_media":1742,"comment_status":"open","ping_status":"closed","template":"","meta":{"neve_meta_sidebar":"","neve_meta_container":"","neve_meta_enable_content_width":"off","neve_meta_content_width":100,"neve_meta_title_alignment":"","neve_meta_author_avatar":"","neve_post_elements_order":"","neve_meta_disable_header":"","neve_meta_disable_footer":"","neve_meta_disable_title":"","neve_meta_reading_time":"","_price":"21","_stock":null,"_tribe_ticket_header":"","_tribe_default_ticket_provider":"","_tribe_ticket_capacity":"","_ticket_start_date":"","_ticket_end_date":"","_tribe_ticket_show_description":"","_tribe_ticket_show_not_going":false,"_tribe_ticket_use_global_stock":"","_tribe_ticket_global_stock_level":"","_global_stock_mode":"","_global_stock_cap":"","_tribe_rsvp_for_event":"","_tribe_ticket_going_count":"","_tribe_ticket_not_going_count":"","_tribe_tickets_list":"[]","_tribe_ticket_has_attendee_info_fields":false,"_tec_slr_enabled":"","_tec_slr_layout":""},"product_brand":[],"product_cat":[18,24,56,39],"product_tag":[57,58,41],"class_list":{"0":"post-1651","1":"product","2":"type-product","3":"status-publish","4":"has-post-thumbnail","6":"product_cat-agro-ecologie","7":"product_cat-distanciel","8":"product_cat-gestion-des-prairies","9":"product_cat-webinaires","10":"product_tag-gestion-des-prairies","11":"product_tag-paturage-tournant","12":"product_tag-webinaires","14":"first","15":"instock","16":"virtual","17":"sold-individually","18":"purchasable","19":"product-type-simple"},"_links":{"self":[{"href":"https:\/\/www.terres-et-chevaux.fr\/WP\/wp-json\/wp\/v2\/product\/1651","targetHints":{"allow":["GET"]}}],"collection":[{"href":"https:\/\/www.terres-et-chevaux.fr\/WP\/wp-json\/wp\/v2\/product"}],"about":[{"href":"https:\/\/www.terres-et-chevaux.fr\/WP\/wp-json\/wp\/v2\/types\/product"}],"replies":[{"embeddable":true,"href":"https:\/\/www.terres-et-chevaux.fr\/WP\/wp-json\/wp\/v2\/comments?post=1651"}],"wp:featuredmedia":[{"embeddable":true,"href":"https:\/\/www.terres-et-chevaux.fr\/WP\/wp-json\/wp\/v2\/media\/1742"}],"wp:attachment":[{"href":"https:\/\/www.terres-et-chevaux.fr\/WP\/wp-json\/wp\/v2\/media?parent=1651"}],"wp:term":[{"taxonomy":"product_brand","embeddable":true,"href":"https:\/\/www.terres-et-chevaux.fr\/WP\/wp-json\/wp\/v2\/product_brand?post=1651"},{"taxonomy":"product_cat","embeddable":true,"href":"https:\/\/www.terres-et-chevaux.fr\/WP\/wp-json\/wp\/v2\/product_cat?post=1651"},{"taxonomy":"product_tag","embeddable":true,"href":"https:\/\/www.terres-et-chevaux.fr\/WP\/wp-json\/wp\/v2\/product_tag?post=1651"}],"curies":[{"name":"wp","href":"https:\/\/api.w.org\/{rel}","templated":true}]}}