{"id":1833,"date":"2023-03-23T14:15:18","date_gmt":"2023-03-23T12:15:18","guid":{"rendered":"https:\/\/www.terres-et-chevaux.fr\/WP\/?post_type=product&#038;p=1833"},"modified":"2026-01-06T19:17:25","modified_gmt":"2026-01-06T17:17:25","slug":"webinaire-replay-les-zones-de-refus","status":"publish","type":"product","link":"https:\/\/www.terres-et-chevaux.fr\/WP\/produit\/webinaire-replay-les-zones-de-refus\/","title":{"rendered":"WEBINAIRE + REPLAY \u2022 Les zones de refus"},"content":{"rendered":"<p><strong>Webconf\u00e9rence<\/strong> en ligne le <span style=\"text-decoration: underline;\">mardi 17 octobre 2023 \u00e0 12h<\/span> + acc\u00e8s au <strong>replay<\/strong>\u00a0sans limite de dur\u00e9e. Dur\u00e9e indicative : 1h de pr\u00e9sentation, 30mn de questions.<\/p>\n<h3 style=\"text-align: center;\">Soucis de gestion dans les prairies : Les zones de refus<\/h3>\n<h4><span style=\"text-decoration: underline;\">Au programme de ce webinaire :<\/span><\/h4>\n<ul>\n<li>Les diff\u00e9rents types de zones de refus<\/li>\n<li>Les caract\u00e9ristiques de chacune d\u2019un point de vue fonctionnement du sol \/ pousse des plantes<span class=\"Apple-converted-space\">\u00a0<\/span><\/li>\n<li>Comment les g\u00e9rer quand elles sont l\u00e0 ?<span class=\"Apple-converted-space\">\u00a0<\/span><\/li>\n<li>Comment les \u00e9viter avant qu\u2019elles n\u2019arrivent ?<\/li>\n<\/ul>\n<div>Vous avez acc\u00e8s au webinaire \u00e0 la date indiqu\u00e9e, ainsi qu\u2019au replay sans limite de dur\u00e9e.<\/div>\n<div>\u00c9galement disponible dans le <a href=\"https:\/\/www.terres-et-chevaux.fr\/WP\/produit\/forfait-3-webinaires-replays-gerer-les-soucis-de-paturage\/\">cycle complet \u00ab <strong>Soucis de gestion des prairies<\/strong> \u00bb<\/a> \u00e0 tarif pr\u00e9f\u00e9rentiel.<\/div>\n","protected":false},"excerpt":{"rendered":"<p><strong>Webconf\u00e9rence<\/strong> en ligne le <span style=\"text-decoration: underline;\">mardi 17 octobre 2023 \u00e0 12h<\/span> + acc\u00e8s au <strong>replay<\/strong>\u00a0sans limite de dur\u00e9e. Dur\u00e9e indicative : 1h de pr\u00e9sentation, 30mn de questions.<\/p>\n<h3 style=\"text-align: center;\">Soucis de gestion dans les prairies : Les zones de refus<\/h3>\n<h4><span style=\"text-decoration: underline;\">Au programme de ce webinaire :<\/span><\/h4>\n<ul>\n<li>Les diff\u00e9rents types de zones de refus<\/li>\n<li>Les caract\u00e9ristiques de chacune d\u2019un point de vue fonctionnement du sol \/ pousse des plantes<\/li>\n<li>Comment les g\u00e9rer quand elles sont l\u00e0 ?<\/li>\n<li>Comment les \u00e9viter avant qu\u2019elles n\u2019arrivent ?<\/li>\n<\/ul>\n","protected":false},"featured_media":2090,"comment_status":"open","ping_status":"closed","template":"","meta":{"neve_meta_sidebar":"","neve_meta_container":"","neve_meta_enable_content_width":"off","neve_meta_content_width":100,"neve_meta_title_alignment":"","neve_meta_author_avatar":"","neve_post_elements_order":"","neve_meta_disable_header":"","neve_meta_disable_footer":"","neve_meta_disable_title":"","neve_meta_reading_time":"","_price":"21","_stock":null,"_tribe_ticket_header":"","_tribe_default_ticket_provider":"","_tribe_ticket_capacity":"","_ticket_start_date":"","_ticket_end_date":"","_tribe_ticket_show_description":"","_tribe_ticket_show_not_going":false,"_tribe_ticket_use_global_stock":"","_tribe_ticket_global_stock_level":"","_global_stock_mode":"","_global_stock_cap":"","_tribe_rsvp_for_event":"","_tribe_ticket_going_count":"","_tribe_ticket_not_going_count":"","_tribe_tickets_list":"[]","_tribe_ticket_has_attendee_info_fields":false,"_tec_slr_enabled":"","_tec_slr_layout":""},"product_brand":[],"product_cat":[18,24,56,39],"product_tag":[57,58,41],"class_list":{"0":"post-1833","1":"product","2":"type-product","3":"status-publish","4":"has-post-thumbnail","6":"product_cat-agro-ecologie","7":"product_cat-distanciel","8":"product_cat-gestion-des-prairies","9":"product_cat-webinaires","10":"product_tag-gestion-des-prairies","11":"product_tag-paturage-tournant","12":"product_tag-webinaires","14":"first","15":"outofstock","16":"virtual","17":"sold-individually","18":"purchasable","19":"product-type-simple"},"_links":{"self":[{"href":"https:\/\/www.terres-et-chevaux.fr\/WP\/wp-json\/wp\/v2\/product\/1833","targetHints":{"allow":["GET"]}}],"collection":[{"href":"https:\/\/www.terres-et-chevaux.fr\/WP\/wp-json\/wp\/v2\/product"}],"about":[{"href":"https:\/\/www.terres-et-chevaux.fr\/WP\/wp-json\/wp\/v2\/types\/product"}],"replies":[{"embeddable":true,"href":"https:\/\/www.terres-et-chevaux.fr\/WP\/wp-json\/wp\/v2\/comments?post=1833"}],"wp:featuredmedia":[{"embeddable":true,"href":"https:\/\/www.terres-et-chevaux.fr\/WP\/wp-json\/wp\/v2\/media\/2090"}],"wp:attachment":[{"href":"https:\/\/www.terres-et-chevaux.fr\/WP\/wp-json\/wp\/v2\/media?parent=1833"}],"wp:term":[{"taxonomy":"product_brand","embeddable":true,"href":"https:\/\/www.terres-et-chevaux.fr\/WP\/wp-json\/wp\/v2\/product_brand?post=1833"},{"taxonomy":"product_cat","embeddable":true,"href":"https:\/\/www.terres-et-chevaux.fr\/WP\/wp-json\/wp\/v2\/product_cat?post=1833"},{"taxonomy":"product_tag","embeddable":true,"href":"https:\/\/www.terres-et-chevaux.fr\/WP\/wp-json\/wp\/v2\/product_tag?post=1833"}],"curies":[{"name":"wp","href":"https:\/\/api.w.org\/{rel}","templated":true}]}}