{"id":1889,"date":"2023-04-03T20:05:30","date_gmt":"2023-04-03T18:05:30","guid":{"rendered":"https:\/\/www.terres-et-chevaux.fr\/WP\/?post_type=product&#038;p=1889"},"modified":"2023-09-01T00:02:55","modified_gmt":"2023-08-31T22:02:55","slug":"webinaire-replay-analyse-collective-de-plans-mardi-16-mai-2023-a-12h-auditeur","status":"publish","type":"product","link":"https:\/\/www.terres-et-chevaux.fr\/WP\/produit\/webinaire-replay-analyse-collective-de-plans-mardi-16-mai-2023-a-12h-auditeur\/","title":{"rendered":"REPLAY \u2022 Analyse collective de plans \u2022 Mardi 16 mai 2023"},"content":{"rendered":"<p>Vous avez dessin\u00e9 un am\u00e9nagement pour l\u2019h\u00e9bergement de vos chevaux et vous souhaitez avoir un avis sur vos choix ?<\/p>\n<p>Vous ne savez pas comment am\u00e9nager l\u2019h\u00e9bergement de chevaux et vous souhaitez des exemples pour vous inspirer ?<\/p>\n<p>Nous vous proposons un webinaire d\u2019analyse collective de plans (pour tous syst\u00e8mes d\u2019h\u00e9bergement en ext\u00e9rieur et en groupe) o\u00f9 vous pourrez pr\u00e9senter votre id\u00e9e et b\u00e9n\u00e9ficier de retours professionnels sur vos choix.<\/p>\n<p>Si vous n\u2019avez pas encore de plan, vous pouvez \u00e9galement participer pour regarder les id\u00e9es, \u00e9couter les conseils, et poser vos propres questions.<\/p>\n<p>Dur\u00e9e indicative d\u2019un webinaire : environ 1h30 au total (temps de pr\u00e9sentation, commentaire, discussion et questions sur chaque plan).<\/p>\n","protected":false},"excerpt":{"rendered":"<p>Vous avez dessin\u00e9 un am\u00e9nagement pour l\u2019h\u00e9bergement de vos chevaux et vous souhaitez avoir un avis sur vos choix ?<\/p>\n<p>Vous ne savez pas comment am\u00e9nager l\u2019h\u00e9bergement de chevaux et vous souhaitez des exemples pour vous inspirer ?<\/p>\n<p>Nous vous proposons un webinaire d\u2019analyse collective de plans (pour tous syst\u00e8mes d\u2019h\u00e9bergement en ext\u00e9rieur et en groupe) o\u00f9 vous pourrez pr\u00e9senter votre id\u00e9e et b\u00e9n\u00e9ficier de retours professionnels sur vos choix.<\/p>\n<p>Si vous n\u2019avez pas encore de plan, vous pouvez \u00e9galement participer pour regarder les id\u00e9es, \u00e9couter les conseils, et poser vos propres questions.<\/p>\n","protected":false},"featured_media":1883,"comment_status":"open","ping_status":"closed","template":"","meta":{"neve_meta_sidebar":"","neve_meta_container":"","neve_meta_enable_content_width":"off","neve_meta_content_width":100,"neve_meta_title_alignment":"","neve_meta_author_avatar":"","neve_post_elements_order":"","neve_meta_disable_header":"","neve_meta_disable_footer":"","neve_meta_disable_title":"","neve_meta_reading_time":"","_price":"20","_stock":null,"_tribe_ticket_header":"","_tribe_default_ticket_provider":"","_tribe_ticket_capacity":"","_ticket_start_date":"","_ticket_end_date":"","_tribe_ticket_show_description":"","_tribe_ticket_show_not_going":false,"_tribe_ticket_use_global_stock":"","_tribe_ticket_global_stock_level":"","_global_stock_mode":"","_global_stock_cap":"","_tribe_rsvp_for_event":"","_tribe_ticket_going_count":"","_tribe_ticket_not_going_count":"","_tribe_tickets_list":"[]","_tribe_ticket_has_attendee_info_fields":false,"_tec_slr_enabled":"","_tec_slr_layout":""},"product_brand":[],"product_cat":[34,24,39],"product_tag":[],"class_list":{"0":"post-1889","1":"product","2":"type-product","3":"status-publish","4":"has-post-thumbnail","6":"product_cat-design","7":"product_cat-distanciel","8":"product_cat-webinaires","10":"first","11":"instock","12":"virtual","13":"sold-individually","14":"purchasable","15":"product-type-simple"},"_links":{"self":[{"href":"https:\/\/www.terres-et-chevaux.fr\/WP\/wp-json\/wp\/v2\/product\/1889","targetHints":{"allow":["GET"]}}],"collection":[{"href":"https:\/\/www.terres-et-chevaux.fr\/WP\/wp-json\/wp\/v2\/product"}],"about":[{"href":"https:\/\/www.terres-et-chevaux.fr\/WP\/wp-json\/wp\/v2\/types\/product"}],"replies":[{"embeddable":true,"href":"https:\/\/www.terres-et-chevaux.fr\/WP\/wp-json\/wp\/v2\/comments?post=1889"}],"wp:featuredmedia":[{"embeddable":true,"href":"https:\/\/www.terres-et-chevaux.fr\/WP\/wp-json\/wp\/v2\/media\/1883"}],"wp:attachment":[{"href":"https:\/\/www.terres-et-chevaux.fr\/WP\/wp-json\/wp\/v2\/media?parent=1889"}],"wp:term":[{"taxonomy":"product_brand","embeddable":true,"href":"https:\/\/www.terres-et-chevaux.fr\/WP\/wp-json\/wp\/v2\/product_brand?post=1889"},{"taxonomy":"product_cat","embeddable":true,"href":"https:\/\/www.terres-et-chevaux.fr\/WP\/wp-json\/wp\/v2\/product_cat?post=1889"},{"taxonomy":"product_tag","embeddable":true,"href":"https:\/\/www.terres-et-chevaux.fr\/WP\/wp-json\/wp\/v2\/product_tag?post=1889"}],"curies":[{"name":"wp","href":"https:\/\/api.w.org\/{rel}","templated":true}]}}