{"id":340,"date":"2022-03-22T13:29:50","date_gmt":"2022-03-22T11:29:50","guid":{"rendered":"https:\/\/www.terres-et-chevaux.fr\/WP\/?post_type=product&#038;p=340"},"modified":"2026-01-06T19:12:38","modified_gmt":"2026-01-06T17:12:38","slug":"webinaire-paturage-tournant-des-principes-a-lobservation","status":"publish","type":"product","link":"https:\/\/www.terres-et-chevaux.fr\/WP\/produit\/webinaire-paturage-tournant-des-principes-a-lobservation\/","title":{"rendered":"VID\u00c9O \u2022 P\u00e2turage tournant : Des principes&#8230; \u00e0 l&#8217;observation"},"content":{"rendered":"<h3 style=\"text-align: center;\">Cycle de printemps : &#8220;<em>Les cl\u00e9s du p\u00e2turage tournant<\/em>&#8221; :<br \/>\n<strong><em>Des principes&#8230; \u00e0 l&#8217;observation\u00a0<\/em><\/strong><\/h3>\n<p>Replay de webconf\u00e9rence. Dur\u00e9e indicative : 1h de pr\u00e9sentation, 30mn de questions.<br \/>\nVous avez acc\u00e8s \u00e0 la vid\u00e9o \u00e0 partir de votre espace client (menu Mon compte &gt; Tableau de bord), <strong>acc\u00e8s sans limite de dur\u00e9e<\/strong>.<\/p>\n<p><em>Vous souhaitez installer un syst\u00e8me de p\u00e2turage tournant pour vos \u00e9quid\u00e9s, et vous voulez apprendre \u00e0 d\u00e9terminer le bon moment pour ouvrir ou fermer vos parcelles ?\u00a0<\/em><\/p>\n<div>Pendant cette webconf\u00e9rence, nous aborderons les choses suivantes :<\/div>\n<ul>\n<li>Principes : quand ouvrir une parcelle, quand la fermer, quand commencer le premier cycle du printemps, quand fermer pour l&#8217;hiver<\/li>\n<li>Observables : \u00e9tat de l&#8217;herbe, \u00e9tat du sol, reconnaitre le stade de pousse adapt\u00e9 aux besoins de vos chevaux<\/li>\n<\/ul>\n<div><\/div>\n<div>La webconf\u00e9rence s&#8217;\u00e9tant d\u00e9j\u00e0 d\u00e9roul\u00e9e, vous pouvez avoir un acc\u00e8s au replay pour une dur\u00e9e ind\u00e9termin\u00e9e.<\/div>\n<p>Vous pouvez \u00e9galement vous inscrire aux 3 webconf\u00e9rences du cycle de printemps \u00e0 tarif pr\u00e9f\u00e9rentiel : <a href=\"https:\/\/www.terres-et-chevaux.fr\/WP\/produit\/forfait-3-webinaires-les-cles-du-paturage-tournant\/\">https:\/\/www.terres-et-chevaux.fr\/WP\/produit\/forfait-3-webinaires-les-cles-du-paturage-tournant\/<\/a>.<\/p>\n","protected":false},"excerpt":{"rendered":"<p>Replay de webconf\u00e9rence. Dur\u00e9e indicative : 1h de pr\u00e9sentation, 30mn de questions.<br \/>\nVous avez acc\u00e8s \u00e0 la vid\u00e9o \u00e0 partir de votre espace client (menu Mon compte &gt; Tableau de bord), <strong>acc\u00e8s sans limite de dur\u00e9e<\/strong>.<\/p>\n","protected":false},"featured_media":823,"comment_status":"open","ping_status":"closed","template":"","meta":{"neve_meta_sidebar":"","neve_meta_container":"","neve_meta_enable_content_width":"off","neve_meta_content_width":100,"neve_meta_title_alignment":"","neve_meta_author_avatar":"","neve_post_elements_order":"","neve_meta_disable_header":"","neve_meta_disable_footer":"","neve_meta_disable_title":"","neve_meta_reading_time":"","_price":"21","_stock":null,"_tribe_ticket_header":"","_tribe_default_ticket_provider":"","_tribe_ticket_capacity":"","_ticket_start_date":"","_ticket_end_date":"","_tribe_ticket_show_description":"","_tribe_ticket_show_not_going":false,"_tribe_ticket_use_global_stock":"","_tribe_ticket_global_stock_level":"","_global_stock_mode":"","_global_stock_cap":"","_tribe_rsvp_for_event":"","_tribe_ticket_going_count":"","_tribe_ticket_not_going_count":"","_tribe_tickets_list":"[]","_tribe_ticket_has_attendee_info_fields":false,"_tec_slr_enabled":"","_tec_slr_layout":""},"product_brand":[],"product_cat":[18,24,35,39],"product_tag":[],"class_list":{"0":"post-340","1":"product","2":"type-product","3":"status-publish","4":"has-post-thumbnail","6":"product_cat-agro-ecologie","7":"product_cat-distanciel","8":"product_cat-formation","9":"product_cat-webinaires","11":"first","12":"instock","13":"virtual","14":"purchasable","15":"product-type-simple"},"_links":{"self":[{"href":"https:\/\/www.terres-et-chevaux.fr\/WP\/wp-json\/wp\/v2\/product\/340","targetHints":{"allow":["GET"]}}],"collection":[{"href":"https:\/\/www.terres-et-chevaux.fr\/WP\/wp-json\/wp\/v2\/product"}],"about":[{"href":"https:\/\/www.terres-et-chevaux.fr\/WP\/wp-json\/wp\/v2\/types\/product"}],"replies":[{"embeddable":true,"href":"https:\/\/www.terres-et-chevaux.fr\/WP\/wp-json\/wp\/v2\/comments?post=340"}],"wp:featuredmedia":[{"embeddable":true,"href":"https:\/\/www.terres-et-chevaux.fr\/WP\/wp-json\/wp\/v2\/media\/823"}],"wp:attachment":[{"href":"https:\/\/www.terres-et-chevaux.fr\/WP\/wp-json\/wp\/v2\/media?parent=340"}],"wp:term":[{"taxonomy":"product_brand","embeddable":true,"href":"https:\/\/www.terres-et-chevaux.fr\/WP\/wp-json\/wp\/v2\/product_brand?post=340"},{"taxonomy":"product_cat","embeddable":true,"href":"https:\/\/www.terres-et-chevaux.fr\/WP\/wp-json\/wp\/v2\/product_cat?post=340"},{"taxonomy":"product_tag","embeddable":true,"href":"https:\/\/www.terres-et-chevaux.fr\/WP\/wp-json\/wp\/v2\/product_tag?post=340"}],"curies":[{"name":"wp","href":"https:\/\/api.w.org\/{rel}","templated":true}]}}