{"id":346,"date":"2022-03-22T13:37:43","date_gmt":"2022-03-22T11:37:43","guid":{"rendered":"https:\/\/www.terres-et-chevaux.fr\/WP\/?post_type=product&#038;p=346"},"modified":"2026-01-06T19:12:57","modified_gmt":"2026-01-06T17:12:57","slug":"webinaire-paturage-tournant-autonomie-alimentaire","status":"publish","type":"product","link":"https:\/\/www.terres-et-chevaux.fr\/WP\/produit\/webinaire-paturage-tournant-autonomie-alimentaire\/","title":{"rendered":"VID\u00c9O \u2022 P\u00e2turage tournant : Autonomie alimentaire ?"},"content":{"rendered":"<h3 style=\"text-align: center;\">Cycle de printemps : &#8220;<em>Les cl\u00e9s du p\u00e2turage tournant<\/em>&#8221; : <strong><em>Autonomie alimentaire ?\u00a0<\/em><\/strong><\/h3>\n<p>Replay de webconf\u00e9rence. Dur\u00e9e indicative : 1h de pr\u00e9sentation, 30mn de questions.<br \/>\nVous avez acc\u00e8s \u00e0 la vid\u00e9o \u00e0 partir de votre espace client (menu Mon compte &gt; Tableau de bord), <strong>acc\u00e8s sans limite de dur\u00e9e<\/strong>.<\/p>\n<p><em>Vous souhaitez installer un syst\u00e8me de p\u00e2turage tournant pour vos \u00e9quid\u00e9s, et vous voulez savoir si vous pourrez \u00eatre autonome en herbe ?\u00a0<\/em><\/p>\n<div>Pendant cette webconf\u00e9rence, nous aborderons les choses suivantes :<\/div>\n<ul>\n<li>Calcul de la surface de p\u00e2ture n\u00e9cessaire en fonction de l&#8217;effectif et des caract\u00e9ristiques du terrain<\/li>\n<li>Calcul de la surface n\u00e9cessaire \u00e0 la production de foin<\/li>\n<\/ul>\n<div><\/div>\n<div>La webconf\u00e9rence ayant d\u00e9j\u00e0 eu lieu, vous aurez acc\u00e8s au replay pour une dur\u00e9e ind\u00e9termin\u00e9e.<\/div>\n<p>Vous pouvez \u00e9galement vous inscrire aux 3 webconf\u00e9rences du cycle de printemps \u00e0 tarif pr\u00e9f\u00e9rentiel : <a href=\"https:\/\/www.terres-et-chevaux.fr\/WP\/produit\/forfait-3-webinaires-les-cles-du-paturage-tournant\/\">https:\/\/www.terres-et-chevaux.fr\/WP\/produit\/forfait-3-webinaires-les-cles-du-paturage-tournant\/<\/a>.<\/p>\n","protected":false},"excerpt":{"rendered":"<p>Replay de webconf\u00e9rence. Dur\u00e9e indicative : 1h de pr\u00e9sentation, 30mn de questions.<br \/>\nVous avez acc\u00e8s \u00e0 la vid\u00e9o \u00e0 partir de votre espace client (menu Mon compte &gt; Tableau de bord), <strong>acc\u00e8s sans limite de dur\u00e9e<\/strong>.<\/p>\n","protected":false},"featured_media":830,"comment_status":"open","ping_status":"closed","template":"","meta":{"neve_meta_sidebar":"","neve_meta_container":"","neve_meta_enable_content_width":"off","neve_meta_content_width":100,"neve_meta_title_alignment":"","neve_meta_author_avatar":"","neve_post_elements_order":"","neve_meta_disable_header":"","neve_meta_disable_footer":"","neve_meta_disable_title":"","neve_meta_reading_time":"","_price":"21","_stock":null,"_tribe_ticket_header":"","_tribe_default_ticket_provider":"","_tribe_ticket_capacity":"","_ticket_start_date":"","_ticket_end_date":"","_tribe_ticket_show_description":"","_tribe_ticket_show_not_going":false,"_tribe_ticket_use_global_stock":"","_tribe_ticket_global_stock_level":"","_global_stock_mode":"","_global_stock_cap":"","_tribe_rsvp_for_event":"","_tribe_ticket_going_count":"","_tribe_ticket_not_going_count":"","_tribe_tickets_list":"[]","_tribe_ticket_has_attendee_info_fields":false,"_tec_slr_enabled":"","_tec_slr_layout":""},"product_brand":[],"product_cat":[18,24,35,39],"product_tag":[],"class_list":{"0":"post-346","1":"product","2":"type-product","3":"status-publish","4":"has-post-thumbnail","6":"product_cat-agro-ecologie","7":"product_cat-distanciel","8":"product_cat-formation","9":"product_cat-webinaires","11":"first","12":"instock","13":"virtual","14":"purchasable","15":"product-type-simple"},"_links":{"self":[{"href":"https:\/\/www.terres-et-chevaux.fr\/WP\/wp-json\/wp\/v2\/product\/346","targetHints":{"allow":["GET"]}}],"collection":[{"href":"https:\/\/www.terres-et-chevaux.fr\/WP\/wp-json\/wp\/v2\/product"}],"about":[{"href":"https:\/\/www.terres-et-chevaux.fr\/WP\/wp-json\/wp\/v2\/types\/product"}],"replies":[{"embeddable":true,"href":"https:\/\/www.terres-et-chevaux.fr\/WP\/wp-json\/wp\/v2\/comments?post=346"}],"wp:featuredmedia":[{"embeddable":true,"href":"https:\/\/www.terres-et-chevaux.fr\/WP\/wp-json\/wp\/v2\/media\/830"}],"wp:attachment":[{"href":"https:\/\/www.terres-et-chevaux.fr\/WP\/wp-json\/wp\/v2\/media?parent=346"}],"wp:term":[{"taxonomy":"product_brand","embeddable":true,"href":"https:\/\/www.terres-et-chevaux.fr\/WP\/wp-json\/wp\/v2\/product_brand?post=346"},{"taxonomy":"product_cat","embeddable":true,"href":"https:\/\/www.terres-et-chevaux.fr\/WP\/wp-json\/wp\/v2\/product_cat?post=346"},{"taxonomy":"product_tag","embeddable":true,"href":"https:\/\/www.terres-et-chevaux.fr\/WP\/wp-json\/wp\/v2\/product_tag?post=346"}],"curies":[{"name":"wp","href":"https:\/\/api.w.org\/{rel}","templated":true}]}}