{"id":3492,"date":"2025-03-06T15:17:40","date_gmt":"2025-03-06T13:17:40","guid":{"rendered":"https:\/\/www.terres-et-chevaux.fr\/WP\/?post_type=product&#038;p=3492"},"modified":"2026-01-06T19:12:07","modified_gmt":"2026-01-06T17:12:07","slug":"webinaire-replay-nouveaux-systemes-dhebergement","status":"publish","type":"product","link":"https:\/\/www.terres-et-chevaux.fr\/WP\/produit\/webinaire-replay-nouveaux-systemes-dhebergement\/","title":{"rendered":"VID\u00c9O \u2022 Nouveaux syst\u00e8mes d&#8217;h\u00e9bergement"},"content":{"rendered":"<h3 style=\"text-align: center;\">Les nouveaux syst\u00e8mes d&#8217;h\u00e9bergement \u00e9quin<\/h3>\n<p>Replay de webconf\u00e9rence. Dur\u00e9e indicative : 1h de pr\u00e9sentation, 30mn de questions.<br \/>\nVous avez acc\u00e8s \u00e0 la vid\u00e9o \u00e0 partir de votre espace client (menu Mon compte &gt; Tableau de bord), <strong>acc\u00e8s sans limite de dur\u00e9e<\/strong>.<\/p>\n<h4><span style=\"text-decoration: underline;\">Au programme de ce webinaire :<\/span><\/h4>\n<ul>\n<li>Pourquoi l&#8217;h\u00e9bergement des chevaux pose question aujourd&#8217;hui ?<\/li>\n<li>Quels sont les points communs aux syst\u00e8mes d&#8217;h\u00e9bergement \u00e9mergeants ?<\/li>\n<li>Quelles en sont les diff\u00e9rences ?<\/li>\n<li>Quelles sont les id\u00e9es re\u00e7ues sur ces diff\u00e9rents syst\u00e8mes ?<\/li>\n<li>Zoom sur les syst\u00e8mes de pistes : <strong>\u00e9qui-piste<\/strong>,<strong> Paddock Paradise<\/strong>\u2122<\/li>\n<li>Zoom sur les <strong>\u00e9curies actives<\/strong>, <strong>\u00e9curies dynamiques<\/strong>, <strong>libres<\/strong> et <strong>ouvertes<\/strong><\/li>\n<li>Zoom sur le syst\u00e8me <strong>\u00c9quicentral<\/strong><\/li>\n<\/ul>\n","protected":false},"excerpt":{"rendered":"<p>Replay de webconf\u00e9rence. Dur\u00e9e indicative : 1h de pr\u00e9sentation, 30mn de questions.<br \/>\nVous avez acc\u00e8s \u00e0 la vid\u00e9o \u00e0 partir de votre espace client (menu Mon compte &gt; Tableau de bord), <strong>acc\u00e8s sans limite de dur\u00e9e<\/strong>.<\/p>\n","protected":false},"featured_media":3493,"comment_status":"open","ping_status":"closed","template":"","meta":{"neve_meta_sidebar":"","neve_meta_container":"","neve_meta_enable_content_width":"off","neve_meta_content_width":100,"neve_meta_title_alignment":"","neve_meta_author_avatar":"","neve_post_elements_order":"","neve_meta_disable_header":"","neve_meta_disable_footer":"","neve_meta_disable_title":"","neve_meta_reading_time":"","_price":"21","_stock":null,"_tribe_ticket_header":"","_tribe_default_ticket_provider":"","_tribe_ticket_capacity":"","_ticket_start_date":"","_ticket_end_date":"","_tribe_ticket_show_description":"","_tribe_ticket_show_not_going":false,"_tribe_ticket_use_global_stock":"","_tribe_ticket_global_stock_level":"","_global_stock_mode":"","_global_stock_cap":"","_tribe_rsvp_for_event":"","_tribe_ticket_going_count":"","_tribe_ticket_not_going_count":"","_tribe_tickets_list":"[]","_tribe_ticket_has_attendee_info_fields":false,"_tec_slr_enabled":"","_tec_slr_layout":""},"product_brand":[],"product_cat":[34,24,39],"product_tag":[57,58,41],"class_list":{"0":"post-3492","1":"product","2":"type-product","3":"status-publish","4":"has-post-thumbnail","6":"product_cat-design","7":"product_cat-distanciel","8":"product_cat-webinaires","9":"product_tag-gestion-des-prairies","10":"product_tag-paturage-tournant","11":"product_tag-webinaires","13":"first","14":"instock","15":"virtual","16":"sold-individually","17":"purchasable","18":"product-type-simple"},"_links":{"self":[{"href":"https:\/\/www.terres-et-chevaux.fr\/WP\/wp-json\/wp\/v2\/product\/3492","targetHints":{"allow":["GET"]}}],"collection":[{"href":"https:\/\/www.terres-et-chevaux.fr\/WP\/wp-json\/wp\/v2\/product"}],"about":[{"href":"https:\/\/www.terres-et-chevaux.fr\/WP\/wp-json\/wp\/v2\/types\/product"}],"replies":[{"embeddable":true,"href":"https:\/\/www.terres-et-chevaux.fr\/WP\/wp-json\/wp\/v2\/comments?post=3492"}],"wp:featuredmedia":[{"embeddable":true,"href":"https:\/\/www.terres-et-chevaux.fr\/WP\/wp-json\/wp\/v2\/media\/3493"}],"wp:attachment":[{"href":"https:\/\/www.terres-et-chevaux.fr\/WP\/wp-json\/wp\/v2\/media?parent=3492"}],"wp:term":[{"taxonomy":"product_brand","embeddable":true,"href":"https:\/\/www.terres-et-chevaux.fr\/WP\/wp-json\/wp\/v2\/product_brand?post=3492"},{"taxonomy":"product_cat","embeddable":true,"href":"https:\/\/www.terres-et-chevaux.fr\/WP\/wp-json\/wp\/v2\/product_cat?post=3492"},{"taxonomy":"product_tag","embeddable":true,"href":"https:\/\/www.terres-et-chevaux.fr\/WP\/wp-json\/wp\/v2\/product_tag?post=3492"}],"curies":[{"name":"wp","href":"https:\/\/api.w.org\/{rel}","templated":true}]}}