{"id":36,"date":"2021-10-11T17:29:38","date_gmt":"2021-10-11T15:29:38","guid":{"rendered":"https:\/\/www.terres-et-chevaux.fr\/WP\/?post_type=product&#038;p=36"},"modified":"2026-01-06T19:05:25","modified_gmt":"2026-01-06T17:05:25","slug":"programme-video-je-cree-mon-equipiste","status":"publish","type":"product","link":"https:\/\/www.terres-et-chevaux.fr\/WP\/produit\/programme-video-je-cree-mon-equipiste\/","title":{"rendered":"Programme vid\u00e9o &#8220;Je cr\u00e9e mon \u00e9qui-piste&#8221;"},"content":{"rendered":"<p><span class=\"d2edcug0 hpfvmrgz qv66sw1b c1et5uql oi732d6d ik7dh3pa ht8s03o8 a8c37x1j keod5gw0 nxhoafnm aigsh9s9 d3f4x2em fe6kdd0r mau55g9w c8b282yb iv3no6db jq4qci2q a3bd9o3v b1v8xokw oo9gr5id\" dir=\"auto\">Le programme vid\u00e9o, c&#8217;est une s\u00e9rie de <strong>13 vid\u00e9os<\/strong> et les <strong>documents<\/strong> associ\u00e9s, soit l&#8217;\u00e9quivalent d&#8217;un atelier de <span style=\"text-decoration: underline;\">3 jours complets<\/span> + un <strong>groupe d&#8217;\u00e9change<\/strong> d\u00e9di\u00e9 et priv\u00e9, <\/span><span class=\"d2edcug0 hpfvmrgz qv66sw1b c1et5uql oi732d6d ik7dh3pa ht8s03o8 a8c37x1j keod5gw0 nxhoafnm aigsh9s9 d3f4x2em fe6kdd0r mau55g9w c8b282yb iv3no6db jq4qci2q a3bd9o3v b1v8xokw oo9gr5id\" dir=\"auto\">pour vous aider \u00e0 cr\u00e9er vous-m\u00eame votre h\u00e9bergement \u00e9quin sur mesure :\u00a0<\/span><\/p>\n<p style=\"text-align: center;\"><em><span class=\"\">Qu\u2019est-ce qu\u2019une \u00e9qui-piste ?<br \/>\nMythes et l\u00e9gendes autour des \u00e9qui-pistes<br \/>\nR\u00f4le de l&#8217;h\u00e9bergement dans le bien-\u00eatre \u00e9quin<br \/>\nQuestions de surfaces<br \/>\nTous savoir sur les pistes<br \/>\nTout savoir sur les ressources<br \/>\nAgencement g\u00e9n\u00e9ral des espaces<br \/>\nLa gestion des crottins<br \/>\nTout savoir sur les cl\u00f4tures<br \/>\nLa stabilisation<br \/>\n<\/span><\/em><em><span class=\"\">La gestion de la boue<br \/>\nDistribution alimentaire, alimentation et &#8220;slow feeding&#8221;<br \/>\nLes enrichissements\u00a0<\/span><\/em><\/p>\n<p>Et en bonus, <strong>une heure de consultation<\/strong> \u00e0 distance offerte pour \u00e9changer sur votre projet d&#8217;\u00e9qui-piste !<\/p>\n<p>Vous avez acc\u00e8s aux vid\u00e9os \u00e0 partir de votre espace client (menu Mon compte &gt; Tableau de bord), <strong>acc\u00e8s sans limite de dur\u00e9e<\/strong>. Vous aurez \u00e9galement acc\u00e8s \u00e0 toutes les mises \u00e0 jour de vid\u00e9os, ainsi qu&#8217;aux documents compl\u00e9mentaires ajout\u00e9s au fil de nos recherches, pour que le contenu du programme soit toujours \u00e0 jour !<\/p>\n<p>Valeur totale des prestations :<\/p>\n<ul>\n<li>13 vid\u00e9os et les fichiers associ\u00e9s : 357,50 \u20ac (en acc\u00e8s libre et sans limite de dur\u00e9e)<\/li>\n<li>Une heure de consultation individuelle : 90,00 \u20ac<\/li>\n<li>+ Un acc\u00e8s au groupe d&#8217;\u00e9change d\u00e9di\u00e9 OFFERT<\/li>\n<\/ul>\n<p>TOTAL = 447,50 \u20ac<\/p>\n<p style=\"text-align: center;\"><strong>Prix programme = 310,00 \u20ac, soit 30% de r\u00e9duction !\u00a0<\/strong><\/p>\n<p>NB : Vous pouvez r\u00e9gler en plusieurs fois gr\u00e2ce au lien indiqu\u00e9 en haut de page.<\/p>\n","protected":false},"excerpt":{"rendered":"<p><span class=\"d2edcug0 hpfvmrgz qv66sw1b c1et5uql oi732d6d ik7dh3pa ht8s03o8 a8c37x1j keod5gw0 nxhoafnm aigsh9s9 d3f4x2em fe6kdd0r mau55g9w c8b282yb iv3no6db jq4qci2q a3bd9o3v b1v8xokw oo9gr5id\" dir=\"auto\">Le programme vid\u00e9o, c&#8217;est une s\u00e9rie de <strong>13 vid\u00e9os<\/strong> (en acc\u00e8s libre et sans limite du dur\u00e9e) et les <strong>documents<\/strong> associ\u00e9s, soit l&#8217;\u00e9quivalent d&#8217;un atelier de <span style=\"text-decoration: underline;\">3 jours complets<\/span> + un <strong>groupe d&#8217;\u00e9change<\/strong> d\u00e9di\u00e9 et priv\u00e9, <\/span><span class=\"d2edcug0 hpfvmrgz qv66sw1b c1et5uql oi732d6d ik7dh3pa ht8s03o8 a8c37x1j keod5gw0 nxhoafnm aigsh9s9 d3f4x2em fe6kdd0r mau55g9w c8b282yb iv3no6db jq4qci2q a3bd9o3v b1v8xokw oo9gr5id\" dir=\"auto\">pour vous aider \u00e0 cr\u00e9er vous-m\u00eame votre h\u00e9bergement \u00e9quin sur mesure (d\u00e9tail du contenu dans la description plus bas).\u00a0<\/span><\/p>\n<p>Et en bonus, <strong>une heure de consultation<\/strong> \u00e0 distance offerte pour \u00e9changer sur votre projet d&#8217;\u00e9qui-piste !<\/p>\n","protected":false},"featured_media":1966,"comment_status":"closed","ping_status":"closed","template":"","meta":{"neve_meta_sidebar":"","neve_meta_container":"","neve_meta_enable_content_width":"off","neve_meta_content_width":100,"neve_meta_title_alignment":"","neve_meta_author_avatar":"","neve_post_elements_order":"","neve_meta_disable_header":"","neve_meta_disable_footer":"","neve_meta_disable_title":"","neve_meta_reading_time":"","_price":"310","_stock":null,"_tribe_ticket_header":"","_tribe_default_ticket_provider":"","_tribe_ticket_capacity":"","_ticket_start_date":"","_ticket_end_date":"","_tribe_ticket_show_description":"","_tribe_ticket_show_not_going":false,"_tribe_ticket_use_global_stock":"","_tribe_ticket_global_stock_level":"","_global_stock_mode":"","_global_stock_cap":"","_tribe_rsvp_for_event":"","_tribe_ticket_going_count":"","_tribe_ticket_not_going_count":"","_tribe_tickets_list":"[]","_tribe_ticket_has_attendee_info_fields":false,"_tec_slr_enabled":"","_tec_slr_layout":""},"product_brand":[],"product_cat":[24,35,23,39],"product_tag":[25,26],"class_list":{"0":"post-36","1":"product","2":"type-product","3":"status-publish","4":"has-post-thumbnail","6":"product_cat-distanciel","7":"product_cat-formation","8":"product_cat-programmes-video","9":"product_cat-webinaires","10":"product_tag-equi-piste","11":"product_tag-formation","13":"first","14":"instock","15":"sale","16":"virtual","17":"sold-individually","18":"purchasable","19":"product-type-simple"},"_links":{"self":[{"href":"https:\/\/www.terres-et-chevaux.fr\/WP\/wp-json\/wp\/v2\/product\/36","targetHints":{"allow":["GET"]}}],"collection":[{"href":"https:\/\/www.terres-et-chevaux.fr\/WP\/wp-json\/wp\/v2\/product"}],"about":[{"href":"https:\/\/www.terres-et-chevaux.fr\/WP\/wp-json\/wp\/v2\/types\/product"}],"replies":[{"embeddable":true,"href":"https:\/\/www.terres-et-chevaux.fr\/WP\/wp-json\/wp\/v2\/comments?post=36"}],"wp:featuredmedia":[{"embeddable":true,"href":"https:\/\/www.terres-et-chevaux.fr\/WP\/wp-json\/wp\/v2\/media\/1966"}],"wp:attachment":[{"href":"https:\/\/www.terres-et-chevaux.fr\/WP\/wp-json\/wp\/v2\/media?parent=36"}],"wp:term":[{"taxonomy":"product_brand","embeddable":true,"href":"https:\/\/www.terres-et-chevaux.fr\/WP\/wp-json\/wp\/v2\/product_brand?post=36"},{"taxonomy":"product_cat","embeddable":true,"href":"https:\/\/www.terres-et-chevaux.fr\/WP\/wp-json\/wp\/v2\/product_cat?post=36"},{"taxonomy":"product_tag","embeddable":true,"href":"https:\/\/www.terres-et-chevaux.fr\/WP\/wp-json\/wp\/v2\/product_tag?post=36"}],"curies":[{"name":"wp","href":"https:\/\/api.w.org\/{rel}","templated":true}]}}