{"id":39,"date":"2021-10-11T19:47:31","date_gmt":"2021-10-11T17:47:31","guid":{"rendered":"https:\/\/www.terres-et-chevaux.fr\/WP\/?post_type=product&#038;p=39"},"modified":"2026-01-06T18:58:49","modified_gmt":"2026-01-06T16:58:49","slug":"consultation-a-distance","status":"publish","type":"product","link":"https:\/\/www.terres-et-chevaux.fr\/WP\/produit\/consultation-a-distance\/","title":{"rendered":"Consultation \u00e0 distance"},"content":{"rendered":"<div style=\"text-align: center;\"><em>Vous avez imagine\u0301 un design d&#8217;h\u00e9bergement et souhaitez une validation de vos ide\u0301es ?<\/em><br \/>\n<em>Vous voulez savoir quoi semer sur votre terrain ? <\/em><br \/>\n<em>Quels arbres planter en fonction de leurs proprie\u0301te\u0301s et de votre site ?<\/em><br \/>\n<em>Vous souhaitez un installer une carri\u00e8re v\u00e9g\u00e9tale et voulez des conseils ?<\/em><br \/>\n<em>Vous projetez d&#8217;acheter un terrain et souhaitez savoir ce qu&#8217;il est possible de r\u00e9aliser dessus ?<\/em><\/div>\n<div><\/div>\n<p><strong>Nous vous proposons un <span style=\"text-decoration: underline;\">entretien a\u0300 distance<\/span> (via Zoom) pour re\u0301pondre en direct a\u0300 votre questionnement particulier.<\/strong><\/p>\n<div><\/div>\n<div>Le tarif est valable pour entretien jusqu&#8217;\u00e0 une dur\u00e9e d&#8217;une heure. Les d\u00e9passements seront factur\u00e9s \u00e9galement.<\/div>\n<div><\/div>\n<div><span style=\"text-decoration: underline;\"><strong>Pour les consultations sur site<\/strong><\/span> : le tarif horaire est le m\u00eame auquel s&#8217;ajoutent des frais de d\u00e9placement. Nous vous conseillons de <a href=\"mailto:contact@terres-et-chevaux.fr\">nous contacter<\/a> afin de convenir du tarif total pr\u00e9cis ainsi que des cr\u00e9neaux de d\u00e9placement possible.<\/div>\n","protected":false},"excerpt":{"rendered":"<p>Une heure de consultation \u00e0 distance via Zoom pour r\u00e9pondre \u00e0 vos questions pratiques.<\/p>\n","protected":false},"featured_media":1471,"comment_status":"open","ping_status":"closed","template":"","meta":{"neve_meta_sidebar":"","neve_meta_container":"","neve_meta_enable_content_width":"off","neve_meta_content_width":100,"neve_meta_title_alignment":"","neve_meta_author_avatar":"","neve_post_elements_order":"","neve_meta_disable_header":"","neve_meta_disable_footer":"","neve_meta_disable_title":"","neve_meta_reading_time":"","_price":"90","_stock":null,"_tribe_ticket_header":"","_tribe_default_ticket_provider":"","_tribe_ticket_capacity":"","_ticket_start_date":"","_ticket_end_date":"","_tribe_ticket_show_description":"","_tribe_ticket_show_not_going":false,"_tribe_ticket_use_global_stock":"","_tribe_ticket_global_stock_level":"","_global_stock_mode":"","_global_stock_cap":"","_tribe_rsvp_for_event":"","_tribe_ticket_going_count":"","_tribe_ticket_not_going_count":"","_tribe_tickets_list":"[]","_tribe_ticket_has_attendee_info_fields":false,"_tec_slr_enabled":"","_tec_slr_layout":""},"product_brand":[],"product_cat":[18,50,30,34,24,56],"product_tag":[27],"class_list":{"0":"post-39","1":"product","2":"type-product","3":"status-publish","4":"has-post-thumbnail","6":"product_cat-agro-ecologie","7":"product_cat-agroforesterie","8":"product_cat-conseil","9":"product_cat-design","10":"product_cat-distanciel","11":"product_cat-gestion-des-prairies","12":"product_tag-conseil","14":"first","15":"instock","16":"virtual","17":"purchasable","18":"product-type-simple"},"_links":{"self":[{"href":"https:\/\/www.terres-et-chevaux.fr\/WP\/wp-json\/wp\/v2\/product\/39","targetHints":{"allow":["GET"]}}],"collection":[{"href":"https:\/\/www.terres-et-chevaux.fr\/WP\/wp-json\/wp\/v2\/product"}],"about":[{"href":"https:\/\/www.terres-et-chevaux.fr\/WP\/wp-json\/wp\/v2\/types\/product"}],"replies":[{"embeddable":true,"href":"https:\/\/www.terres-et-chevaux.fr\/WP\/wp-json\/wp\/v2\/comments?post=39"}],"wp:featuredmedia":[{"embeddable":true,"href":"https:\/\/www.terres-et-chevaux.fr\/WP\/wp-json\/wp\/v2\/media\/1471"}],"wp:attachment":[{"href":"https:\/\/www.terres-et-chevaux.fr\/WP\/wp-json\/wp\/v2\/media?parent=39"}],"wp:term":[{"taxonomy":"product_brand","embeddable":true,"href":"https:\/\/www.terres-et-chevaux.fr\/WP\/wp-json\/wp\/v2\/product_brand?post=39"},{"taxonomy":"product_cat","embeddable":true,"href":"https:\/\/www.terres-et-chevaux.fr\/WP\/wp-json\/wp\/v2\/product_cat?post=39"},{"taxonomy":"product_tag","embeddable":true,"href":"https:\/\/www.terres-et-chevaux.fr\/WP\/wp-json\/wp\/v2\/product_tag?post=39"}],"curies":[{"name":"wp","href":"https:\/\/api.w.org\/{rel}","templated":true}]}}