{"id":78,"date":"2021-10-14T13:52:35","date_gmt":"2021-10-14T11:52:35","guid":{"rendered":"https:\/\/www.terres-et-chevaux.fr\/WP\/?post_type=product&#038;p=78"},"modified":"2026-01-06T19:09:14","modified_gmt":"2026-01-06T17:09:14","slug":"forfait-daccompagnement-trimestriel","status":"publish","type":"product","link":"https:\/\/www.terres-et-chevaux.fr\/WP\/produit\/forfait-daccompagnement-trimestriel\/","title":{"rendered":"Accompagnement trimestriel intensif"},"content":{"rendered":"<div class=\"page\" title=\"Page 6\">\n<div class=\"section\">\n<div class=\"layoutArea\">\n<p style=\"text-align: center;\"><em>Vous souhaitez \u00eatre accompagn\u00e9(e) pendant la pr\u00e9paration ou le d\u00e9veloppement de votre projet d&#8217;h\u00e9bergement \u00e9quin ?<br \/>\n<\/em><\/p>\n<\/div>\n<\/div>\n<\/div>\n<div><\/div>\n<div class=\"page\" title=\"Page 6\">\n<div class=\"section\">\n<div class=\"layoutArea\">\n<div><\/div>\n<div class=\"column\"><strong><strong>\u2014&gt; Nous vous proposons une forfait de 7 consultations \u00e0 distance pour suivre vos questions au fil de la mise en place de votre projet. <\/strong><\/strong><\/div>\n<\/div>\n<\/div>\n<div class=\"section\">\n<div><\/div>\n<\/div>\n<\/div>\n<div>Le forfait accompagnement trimestriel contient :<\/div>\n<ul>\n<li>6 consultations d&#8217;une heure + <span style=\"text-decoration: underline;\">une consultation offerte<\/span>, \u00e0 r\u00e9partir sur une dur\u00e9e de 3 mois \u00e0 partir de la premi\u00e8re.<\/li>\n<\/ul>\n<div>NB : Vous pouvez r\u00e9gler en plusieurs fois \u00e0 l\u2019aide du lien en haut de page.<\/div>\n<div><\/div>\n<div>Si vous souhaitez nous demander des informations suppl\u00e9mentaires, vous pouvez remplir le formulaire suivant pour nos exprimer vos besoins :<\/div>\n<div>\n<p>[contact-form][contact-field label=&#8221;Nom&#8221; type=&#8221;name&#8221; required=&#8221;true&#8221; \/][contact-field label=&#8221;E-mail&#8221; type=&#8221;email&#8221; required=&#8221;true&#8221; \/][contact-field label=&#8221;Site web&#8221; type=&#8221;url&#8221; \/][contact-field label=&#8221;Message&#8221; type=&#8221;textarea&#8221; \/][\/contact-form]<\/p>\n<\/div>\n","protected":false},"excerpt":{"rendered":"<div class=\"page\" title=\"Page 6\">\n<div class=\"section\">\n<div class=\"layoutArea\">Un forfait de 7 consultations pour suivre vos questions au fil de la mise en \u0153uvre de votre projet. Tarif pr\u00e9f\u00e9rentiel.<\/div>\n<\/div>\n<\/div>\n","protected":false},"featured_media":79,"comment_status":"open","ping_status":"closed","template":"","meta":{"neve_meta_sidebar":"","neve_meta_container":"","neve_meta_enable_content_width":"off","neve_meta_content_width":100,"neve_meta_title_alignment":"","neve_meta_author_avatar":"","neve_post_elements_order":"","neve_meta_disable_header":"","neve_meta_disable_footer":"","neve_meta_disable_title":"","neve_meta_reading_time":"","_price":"540","_stock":null,"_tribe_ticket_header":"","_tribe_default_ticket_provider":"","_tribe_ticket_capacity":"","_ticket_start_date":"","_ticket_end_date":"","_tribe_ticket_show_description":"","_tribe_ticket_show_not_going":false,"_tribe_ticket_use_global_stock":"","_tribe_ticket_global_stock_level":"","_global_stock_mode":"","_global_stock_cap":"","_tribe_rsvp_for_event":"","_tribe_ticket_going_count":"","_tribe_ticket_not_going_count":"","_tribe_tickets_list":"[]","_tribe_ticket_has_attendee_info_fields":false,"_tec_slr_enabled":"","_tec_slr_layout":""},"product_brand":[],"product_cat":[30,24],"product_tag":[33,32,25,31],"class_list":{"0":"post-78","1":"product","2":"type-product","3":"status-publish","4":"has-post-thumbnail","6":"product_cat-conseil","7":"product_cat-distanciel","8":"product_tag-accompagnement","9":"product_tag-design","10":"product_tag-equi-piste","11":"product_tag-hebergement-equin","13":"first","14":"instock","15":"sale","16":"virtual","17":"sold-individually","18":"purchasable","19":"product-type-simple"},"_links":{"self":[{"href":"https:\/\/www.terres-et-chevaux.fr\/WP\/wp-json\/wp\/v2\/product\/78","targetHints":{"allow":["GET"]}}],"collection":[{"href":"https:\/\/www.terres-et-chevaux.fr\/WP\/wp-json\/wp\/v2\/product"}],"about":[{"href":"https:\/\/www.terres-et-chevaux.fr\/WP\/wp-json\/wp\/v2\/types\/product"}],"replies":[{"embeddable":true,"href":"https:\/\/www.terres-et-chevaux.fr\/WP\/wp-json\/wp\/v2\/comments?post=78"}],"wp:featuredmedia":[{"embeddable":true,"href":"https:\/\/www.terres-et-chevaux.fr\/WP\/wp-json\/wp\/v2\/media\/79"}],"wp:attachment":[{"href":"https:\/\/www.terres-et-chevaux.fr\/WP\/wp-json\/wp\/v2\/media?parent=78"}],"wp:term":[{"taxonomy":"product_brand","embeddable":true,"href":"https:\/\/www.terres-et-chevaux.fr\/WP\/wp-json\/wp\/v2\/product_brand?post=78"},{"taxonomy":"product_cat","embeddable":true,"href":"https:\/\/www.terres-et-chevaux.fr\/WP\/wp-json\/wp\/v2\/product_cat?post=78"},{"taxonomy":"product_tag","embeddable":true,"href":"https:\/\/www.terres-et-chevaux.fr\/WP\/wp-json\/wp\/v2\/product_tag?post=78"}],"curies":[{"name":"wp","href":"https:\/\/api.w.org\/{rel}","templated":true}]}}