{"id":943,"date":"2022-09-05T10:33:16","date_gmt":"2022-09-05T08:33:16","guid":{"rendered":"https:\/\/www.terres-et-chevaux.fr\/WP\/?post_type=product&#038;p=943"},"modified":"2022-09-05T10:50:23","modified_gmt":"2022-09-05T08:50:23","slug":"accompagnement-grand-format","status":"publish","type":"product","link":"https:\/\/www.terres-et-chevaux.fr\/WP\/produit\/accompagnement-grand-format\/","title":{"rendered":"Accompagnement &#8220;Grand format&#8221;"},"content":{"rendered":"<div class=\"page\" title=\"Page 8\">\n<div class=\"section\">\n<div class=\"layoutArea\">\n<div class=\"column\">\n<p>Les prestations \u00ab Grand format \u00bb sont une \u00e9tude approfondie de l&#8217;ensemble des \u00e9l\u00e9ments qui composent le &#8220;cahier des charges&#8221; de votre structure \u00e9questre (vos envies, besoins et capacit\u00e9s ; la composition et les sp\u00e9cificit\u00e9s des chevaux que vous h\u00e9bergez ; les particularit\u00e9s de l&#8217;\u00e9cosyst\u00e8me dans lequel vous vous ins\u00e9rez : sol, climat, zones fragiles, flore adapt\u00e9e, etc.), et la cr\u00e9ation d&#8217;un document d&#8217;accompagnement sur mesure pour r\u00e9pondre aux diff\u00e9rentes probl\u00e9matiques qui peuvent vous int\u00e9resser :<\/p>\n<ul>\n<li>Cr\u00e9ation d&#8217;un design d&#8217;h\u00e9bergement \u00e9quin sur mesure,<\/li>\n<li>Gestion de vos prairies pour optimiser leur productivit\u00e9 malgr\u00e9 les al\u00e9as climatiques,<\/li>\n<li>Implantation d&#8217;arbres et de haies en agroforesterie,<\/li>\n<li>Conseil en installation pour la cr\u00e9ation de votre entreprise \u00e9questre,<\/li>\n<li>Accompagnement dans la transformation de votre \u00e9curie d\u00e9j\u00e0 existante&#8230;<\/li>\n<\/ul>\n<p>Le &#8220;grand format&#8221; donne lieu a\u0300 l\u2019e\u0301tablissement d\u2019un me\u0301moire d\u00e9taill\u00e9 et illustr\u00e9, au format imprime\u0301 ou imprimable, rassemblant toutes les informations concernant votre projet, et le de\u0301tail de chacune des solutions propose\u0301es. Chacun de ses \u00e9l\u00e9ments peut \u00eatre utilis\u00e9 en guise de feuille de route pour d\u00e9velopper votre projet, et \u00e9galement comme document de pr\u00e9sentation aux diff\u00e9rentes institutions.<\/p>\n<p>Le dossier est organise\u0301 de fac\u0327on a\u0300 rendre le client autonome dans ses prises de de\u0301cision futures : on y fournit un ensemble d\u2019informations vous permettant de faire e\u0301voluer votre infrastructure comme vous le souhaiterez en fonction de crite\u0300res observables, et de modifier ce que vous de\u0301sirez tout en ne compromettant pas le fonctionnement ge\u0301ne\u0301ral du syste\u0300me mis en place.<\/p>\n<h2 style=\"text-align: center;\">Le d\u00e9roulement<\/h2>\n<ul>\n<li>Nous convenons d\u2019un rendez-vous pour une visite sur site (*) ou nous vous envoyons un questionnaire de recueil d\u2019informations \u00e0 distance et nous pr\u00e9voyons d\u2019un temps d\u2019\u00e9change en visio.<\/li>\n<li>Nous d\u00e9terminons ensemble pr\u00e9cis\u00e9ment l\u2019objet de la prestation ainsi que vos besoins.<\/li>\n<li>Nous \u00e9tudions votre situation afin de vous remettre une s\u00e9rie de documents correspondant \u00e0 vos probl\u00e9matiques : analyse de site (caract\u00e9ristiques \u00e9cosyst\u00e9miques), design, gestion des prairies, agroforesterie, cr\u00e9ation de structure, am\u00e9lioration d&#8217;\u00e9curie existante.<\/li>\n<li>\u00c0 chaque remise de document, nous pouvons convenir d\u2019un temps d&#8217;\u00e9change en visio afin de r\u00e9pondre \u00e0 vos questions sur chacune des synth\u00e8ses fournies.<\/li>\n<\/ul>\n<p>(*) La visite sur site fera l\u2019objet d\u2019une note de frais de d\u00e9placement suppl\u00e9mentaire selon les taux en vigueur.<\/p>\n<h2 style=\"text-align: center;\">Ce que vous obtenez<\/h2>\n<ul>\n<li>Un accompagnement professionnel complet dans la gestion de votre \u00e9curie, pour une cr\u00e9ation ou une modification<\/li>\n<li>Un ensemble de documents descriptifs qui peuvent \u00eatre utilis\u00e9s \u00e0 la fois en guise de feuille de route pour le d\u00e9veloppement de votre projet, pour demander \u00e0 vos fournisseurs de mat\u00e9riel des devis adapt\u00e9s, ou \u00e9galement pour pr\u00e9senter votre projet aux diff\u00e9rentes institutions.<\/li>\n<\/ul>\n<h2 style=\"text-align: center;\">Int\u00e9ress\u00e9 ?<\/h2>\n<p>Tarif sur devis uniquement, en fonction de votre projet. Vous pouvez prendre directement rendez-vous pour un \u00e9change en visio <a href=\"https:\/\/calendly.com\/terres-et-chevaux\/rendez-vous\">en cliquant ici<\/a>, ou bien remplir le formulaire ci-dessous pour demander un devis adapt\u00e9 \u00e0 vos besoins :<\/p>\n<p>[contact-form][contact-field label=&#8221;Nom&#8221; type=&#8221;name&#8221; required=&#8221;1&#8243;][contact-field label=&#8221;E-mail&#8221; type=&#8221;email&#8221; required=&#8221;1&#8243;][contact-field label=&#8221;Votre projet, vos besoins&#8221; type=&#8221;textarea&#8221; required=&#8221;1&#8243;][\/contact-form]<\/p>\n<\/div>\n<\/div>\n<\/div>\n<\/div>\n","protected":false},"excerpt":{"rendered":"<p>Sur devis uniquement.<\/p>\n<h2>Dossier d&#8217;accompagnement &#8220;Grand format&#8221; :<\/h2>\n<p>Les prestations \u00ab Grand format \u00bb sont une \u00e9tude approfondie de l&#8217;ensemble des \u00e9l\u00e9ments qui composent le &#8220;cahier des charges&#8221; de votre structure \u00e9questre (vos envies, besoins et capacit\u00e9s ; la composition et les sp\u00e9cificit\u00e9s des chevaux que vous h\u00e9bergez ; les particularit\u00e9s de l&#8217;\u00e9cosyst\u00e8me dans lequel vous vous ins\u00e9rez : sol, climat, zones fragiles, flore adapt\u00e9e, etc.), et la cr\u00e9ation d&#8217;un document d&#8217;accompagnement complet et sur mesure, pour r\u00e9pondre aux diff\u00e9rentes probl\u00e9matiques qui peuvent vous int\u00e9resser :<\/p>\n<ul>\n<li>Cr\u00e9ation d&#8217;un design d&#8217;h\u00e9bergement \u00e9quin sur mesure,<\/li>\n<li>Gestion de vos prairies pour optimiser leur productivit\u00e9 malgr\u00e9 les al\u00e9as climatiques,<\/li>\n<li>Implantation d&#8217;arbres et de haies en agroforesterie,<\/li>\n<li>Conseil en installation pour la cr\u00e9ation de votre entreprise \u00e9questre,<\/li>\n<li>Accompagnement dans la transformation de votre \u00e9curie d\u00e9j\u00e0 existante&#8230;<\/li>\n<\/ul>\n<p>Le &#8220;grand format&#8221; donne lieu a\u0300 l\u2019e\u0301tablissement d\u2019un me\u0301moire d\u00e9taill\u00e9 et illustr\u00e9, au format imprime\u0301 ou imprimable, rassemblant toutes les informations concernant votre projet, et le de\u0301tail de chacune des solutions propose\u0301es. Chacun de ses \u00e9l\u00e9ments peut \u00eatre utilis\u00e9 en guise de feuille de route pour d\u00e9velopper votre projet, et \u00e9galement comme document de pr\u00e9sentation aux diff\u00e9rentes institutions.<\/p>\n<p>Le dossier est organise\u0301 de fac\u0327on a\u0300 rendre le client autonome dans ses prises de de\u0301cision futures : on y fournit un ensemble d\u2019informations vous permettant de faire e\u0301voluer votre infrastructure comme vous le souhaiterez en fonction de crite\u0300res observables, et de modifier ce que vous de\u0301sirez tout en ne compromettant pas le fonctionnement ge\u0301ne\u0301ral du syste\u0300me mis en place.<\/p>\n","protected":false},"featured_media":19,"comment_status":"open","ping_status":"closed","template":"","meta":{"neve_meta_sidebar":"","neve_meta_container":"","neve_meta_enable_content_width":"off","neve_meta_content_width":100,"neve_meta_title_alignment":"","neve_meta_author_avatar":"","neve_post_elements_order":"","neve_meta_disable_header":"","neve_meta_disable_footer":"","neve_meta_disable_title":"","neve_meta_reading_time":"","_price":"","_stock":null,"_tribe_ticket_header":"","_tribe_default_ticket_provider":"","_tribe_ticket_capacity":"","_ticket_start_date":"","_ticket_end_date":"","_tribe_ticket_show_description":"","_tribe_ticket_show_not_going":false,"_tribe_ticket_use_global_stock":"","_tribe_ticket_global_stock_level":"","_global_stock_mode":"","_global_stock_cap":"","_tribe_rsvp_for_event":"","_tribe_ticket_going_count":"","_tribe_ticket_not_going_count":"","_tribe_tickets_list":"[]","_tribe_ticket_has_attendee_info_fields":false,"_tec_slr_enabled":"","_tec_slr_layout":""},"product_brand":[],"product_cat":[18,50,30,34,56],"product_tag":[33,59,62,69,65,61,27,67,32,52,53,54,25,57,31,68,58,70],"class_list":{"0":"post-943","1":"product","2":"type-product","3":"status-publish","4":"has-post-thumbnail","6":"product_cat-agro-ecologie","7":"product_cat-agroforesterie","8":"product_cat-conseil","9":"product_cat-design","10":"product_cat-gestion-des-prairies","11":"product_tag-accompagnement","12":"product_tag-agro-ecologie","13":"product_tag-agroforesterie","14":"product_tag-amelioration-decurie","15":"product_tag-arbres-fourragers","16":"product_tag-autonomie-fourragere","17":"product_tag-conseil","18":"product_tag-creation-decurie","19":"product_tag-design","20":"product_tag-ecurie-active","21":"product_tag-ecurie-dynamique","22":"product_tag-ecurie-ouverte","23":"product_tag-equi-piste","24":"product_tag-gestion-des-prairies","25":"product_tag-hebergement-equin","26":"product_tag-installation","27":"product_tag-paturage-tournant","28":"product_tag-transformation-decurie","30":"first","31":"instock","32":"virtual","33":"product-type-simple"},"_links":{"self":[{"href":"https:\/\/www.terres-et-chevaux.fr\/WP\/wp-json\/wp\/v2\/product\/943","targetHints":{"allow":["GET"]}}],"collection":[{"href":"https:\/\/www.terres-et-chevaux.fr\/WP\/wp-json\/wp\/v2\/product"}],"about":[{"href":"https:\/\/www.terres-et-chevaux.fr\/WP\/wp-json\/wp\/v2\/types\/product"}],"replies":[{"embeddable":true,"href":"https:\/\/www.terres-et-chevaux.fr\/WP\/wp-json\/wp\/v2\/comments?post=943"}],"wp:featuredmedia":[{"embeddable":true,"href":"https:\/\/www.terres-et-chevaux.fr\/WP\/wp-json\/wp\/v2\/media\/19"}],"wp:attachment":[{"href":"https:\/\/www.terres-et-chevaux.fr\/WP\/wp-json\/wp\/v2\/media?parent=943"}],"wp:term":[{"taxonomy":"product_brand","embeddable":true,"href":"https:\/\/www.terres-et-chevaux.fr\/WP\/wp-json\/wp\/v2\/product_brand?post=943"},{"taxonomy":"product_cat","embeddable":true,"href":"https:\/\/www.terres-et-chevaux.fr\/WP\/wp-json\/wp\/v2\/product_cat?post=943"},{"taxonomy":"product_tag","embeddable":true,"href":"https:\/\/www.terres-et-chevaux.fr\/WP\/wp-json\/wp\/v2\/product_tag?post=943"}],"curies":[{"name":"wp","href":"https:\/\/api.w.org\/{rel}","templated":true}]}}